{"id":137,"date":"2014-05-22T23:06:31","date_gmt":"2014-05-22T21:06:31","guid":{"rendered":"http:\/\/www.lamhotte.fr\/ecole\/?page_id=137"},"modified":"2024-07-25T19:21:11","modified_gmt":"2024-07-25T17:21:11","slug":"le-conseil-dadministration","status":"publish","type":"page","link":"http:\/\/www.lamhotte.fr\/ecole\/lorganisation-sociale\/le-conseil-dadministration\/","title":{"rendered":"Le Conseil d&rsquo;Administration"},"content":{"rendered":"<p>Comme dans toutes les \u00e9coles Steiner-Waldorf, le Conseil d\u2019Administration, repr\u00e9sentant de ses membres, majoritairement parents, pr\u00e9sente l\u2019originalit\u00e9 de travailler en partenariat avec le Coll\u00e8ge de Direction.<br \/>\nIl se r\u00e9unit deux fois par mois.<br \/>\nIl est charg\u00e9 de la gestion administrative, \u00e9conomique et juridique de l\u2019association.<br \/>\nIl est l\u2019employeur officiel des salari\u00e9s de l\u2019Ecole, mais c\u2019est le Coll\u00e8ge de Direction qui recrute les nouveaux professeurs en fonction des besoins p\u00e9dagogiques.<br \/>\nIl adopte les pr\u00e9visions budg\u00e9taires et \u00e9tablit le bilan.<br \/>\nIl veille \u00e0 faire respecter les missions et orientations fix\u00e9es, en collaboration avec les professeurs.<br \/>\nIl coopte ses nouveaux membres et soumet cette cooptation \u00e0 l\u2019approbation de l\u2019Assembl\u00e9e G\u00e9n\u00e9rale qui se tient une fois par an.<\/p>\n","protected":false},"excerpt":{"rendered":"<p>Comme dans toutes les \u00e9coles Steiner-Waldorf, le Conseil d\u2019Administration, repr\u00e9sentant de ses membres, majoritairement parents, pr\u00e9sente l\u2019originalit\u00e9 de travailler en partenariat avec le Coll\u00e8ge de Direction. Il se r\u00e9unit deux <a class=\"more-link\" href=\"http:\/\/www.lamhotte.fr\/ecole\/lorganisation-sociale\/le-conseil-dadministration\/\">Continue Reading &rarr;<\/a><\/p>\n","protected":false},"author":1,"featured_media":0,"parent":129,"menu_order":0,"comment_status":"closed","ping_status":"closed","template":"","meta":{"footnotes":""},"class_list":["post-137","page","type-page","status-publish","hentry"],"_links":{"self":[{"href":"http:\/\/www.lamhotte.fr\/ecole\/wp-json\/wp\/v2\/pages\/137","targetHints":{"allow":["GET"]}}],"collection":[{"href":"http:\/\/www.lamhotte.fr\/ecole\/wp-json\/wp\/v2\/pages"}],"about":[{"href":"http:\/\/www.lamhotte.fr\/ecole\/wp-json\/wp\/v2\/types\/page"}],"author":[{"embeddable":true,"href":"http:\/\/www.lamhotte.fr\/ecole\/wp-json\/wp\/v2\/users\/1"}],"replies":[{"embeddable":true,"href":"http:\/\/www.lamhotte.fr\/ecole\/wp-json\/wp\/v2\/comments?post=137"}],"version-history":[{"count":3,"href":"http:\/\/www.lamhotte.fr\/ecole\/wp-json\/wp\/v2\/pages\/137\/revisions"}],"predecessor-version":[{"id":1213,"href":"http:\/\/www.lamhotte.fr\/ecole\/wp-json\/wp\/v2\/pages\/137\/revisions\/1213"}],"up":[{"embeddable":true,"href":"http:\/\/www.lamhotte.fr\/ecole\/wp-json\/wp\/v2\/pages\/129"}],"wp:attachment":[{"href":"http:\/\/www.lamhotte.fr\/ecole\/wp-json\/wp\/v2\/media?parent=137"}],"curies":[{"name":"wp","href":"https:\/\/api.w.org\/{rel}","templated":true}]}}