{"id":157,"date":"2014-05-22T23:29:50","date_gmt":"2014-05-22T21:29:50","guid":{"rendered":"http:\/\/www.lamhotte.fr\/ecole\/?page_id=157"},"modified":"2025-12-21T12:39:19","modified_gmt":"2025-12-21T11:39:19","slug":"contact-et-acces","status":"publish","type":"page","link":"http:\/\/www.lamhotte.fr\/ecole\/contact-et-acces\/","title":{"rendered":"Contact et acc\u00e8s"},"content":{"rendered":"<p>L\u2019\u00c9cole de la Mhotte est situ\u00e9e dans le d\u00e9partement de l&rsquo;Allier (03), \u00e0 Saint-Menoux, entre Bourbon-l&rsquo;Archambault et Moulins-sur-Allier.<\/p>\n<p>Adresse : \u00c9cole de la Mhotte<br \/>Ch\u00e2teau de la Mhotte<br \/>03210 Saint-Menoux<br \/>T\u00e9l : 04 70 43 93 98 | Courriel : <a href=\"mailto:ecole@lamhotte.fr\">ecole@lamhotte.fr<\/a><\/p>\n<p><a href=\"http:\/\/www.lamhotte.fr\/ecole\/wp-content\/uploads\/2014\/05\/plan-ecole-steiner-waldorf-de-la-mhotte-complet.gif\"><img loading=\"lazy\" decoding=\"async\" class=\"alignnone size-medium wp-image-160\" src=\"http:\/\/www.lamhotte.fr\/ecole\/wp-content\/uploads\/2014\/05\/plan-ecole-steiner-waldorf-de-la-mhotte-complet-300x189.gif\" alt=\"plan-ecole-steiner-waldorf-de-la-mhotte-complet\" width=\"300\" height=\"189\" \/><\/a><\/p>\n<p>Ouverture du secr\u00e9tariat : lundi, mardi, mercredi, jeudi et vendredi de 8h30 \u00e0 12h30.<\/p>\n<p><strong>Bulletin d&rsquo;info, adh\u00e9rer \u00e0 l&rsquo;association et\/ou faire un don<\/strong><\/p>\n<p>Pour vous tenir inform\u00e9(e) de la vie de l\u2019\u00c9cole, vous avez la possibilit\u00e9 de vous abonner \u00e0 notre bulletin d&rsquo;info \u00e9lectronique (max. 4 fois par an), en nous \u00e9crivant \u00e0 <a href=\"mailto:ecole@lamhotte.fr\" target=\"_blank\" rel=\"noopener\">ecole@lamhotte.fr<\/a>. Vous pouvez \u00e9galement <a href=\"https:\/\/www.helloasso.com\/associations\/ecole-waldorf-de-la-mhotte\/adhesions\/adhesion\" target=\"_blank\" rel=\"noopener\">adh\u00e9rer \u00e0 l\u2019association<\/a> de l\u2019\u00c9cole et\/ou <a href=\"https:\/\/educationsplurielles.fr\/projet-de-crowdfundi\/participez-au-developpement-de-lecole-de-la-mhotte\/\" target=\"_blank\" rel=\"noopener\">faire un don<\/a>.<\/p>\n<p><a href=\"https:\/\/mailchi.mp\/82ba20fa41d9\/bulletin-dinfo-cole-de-la-mhotte-juillet-12935264?e=1a348d8041\" target=\"_blank\" rel=\"noopener\">Bulletin d&rsquo;info de d\u00e9cembre 2025<\/a><\/p>\n<p><a href=\"https:\/\/mailchi.mp\/c498d21a5f4c\/bulletin-dinfo-cole-de-la-mhotte-juillet-2025?e=c503154e42\" target=\"_blank\" rel=\"noopener\">Bulletin d&rsquo;info de juillet 2025<\/a><\/p>\n<p><a href=\"https:\/\/mailchi.mp\/8dedf6cfc721\/bulletin-dinfo-cole-de-la-mhotte-juillet-12792215\" target=\"_blank\" rel=\"noopener\">Bulletin d&rsquo;info de d\u00e9cembre 2024<\/a><\/p>\n<p><a href=\"https:\/\/mailchi.mp\/df9b2ec509ed\/bulletin-dinfo-cole-de-la-mhotte-juillet-2024\" target=\"_blank\" rel=\"noopener\">Bulletin d&rsquo;info de juillet 2024<\/a><\/p>\n<p><a href=\"https:\/\/mailchi.mp\/4cc869200db2\/bulletin-dinfo-cole-de-la-mhotte-dcembre-2023\" target=\"_blank\" rel=\"noopener\">Bulletin d&rsquo;info de d\u00e9cembre 2023<\/a><\/p>\n<p><a href=\"http:\/\/www.lamhotte.fr\/ecole\/wp-content\/uploads\/2023\/09\/Mentions-dinformation-RGPD.pdf\">Mentions d&rsquo;information<\/a>\u00a0sur la protection des donn\u00e9es personnelles<\/p>\n\n\n<pre class=\"wp-block-code\"><code>\n<\/code><\/pre>\n","protected":false},"excerpt":{"rendered":"<p>L\u2019\u00c9cole de la Mhotte est situ\u00e9e dans le d\u00e9partement de l&rsquo;Allier (03), \u00e0 Saint-Menoux, entre Bourbon-l&rsquo;Archambault et Moulins-sur-Allier. Adresse : \u00c9cole de la MhotteCh\u00e2teau de la Mhotte03210 Saint-MenouxT\u00e9l : 04 <a class=\"more-link\" href=\"http:\/\/www.lamhotte.fr\/ecole\/contact-et-acces\/\">Continue Reading &rarr;<\/a><\/p>\n","protected":false},"author":1,"featured_media":0,"parent":0,"menu_order":0,"comment_status":"closed","ping_status":"closed","template":"","meta":{"footnotes":""},"class_list":["post-157","page","type-page","status-publish","hentry"],"_links":{"self":[{"href":"http:\/\/www.lamhotte.fr\/ecole\/wp-json\/wp\/v2\/pages\/157","targetHints":{"allow":["GET"]}}],"collection":[{"href":"http:\/\/www.lamhotte.fr\/ecole\/wp-json\/wp\/v2\/pages"}],"about":[{"href":"http:\/\/www.lamhotte.fr\/ecole\/wp-json\/wp\/v2\/types\/page"}],"author":[{"embeddable":true,"href":"http:\/\/www.lamhotte.fr\/ecole\/wp-json\/wp\/v2\/users\/1"}],"replies":[{"embeddable":true,"href":"http:\/\/www.lamhotte.fr\/ecole\/wp-json\/wp\/v2\/comments?post=157"}],"version-history":[{"count":47,"href":"http:\/\/www.lamhotte.fr\/ecole\/wp-json\/wp\/v2\/pages\/157\/revisions"}],"predecessor-version":[{"id":1341,"href":"http:\/\/www.lamhotte.fr\/ecole\/wp-json\/wp\/v2\/pages\/157\/revisions\/1341"}],"wp:attachment":[{"href":"http:\/\/www.lamhotte.fr\/ecole\/wp-json\/wp\/v2\/media?parent=157"}],"curies":[{"name":"wp","href":"https:\/\/api.w.org\/{rel}","templated":true}]}}