{"id":28,"date":"2014-04-16T08:46:06","date_gmt":"2014-04-16T06:46:06","guid":{"rendered":"http:\/\/lamhotte.fr\/ecole\/?page_id=28"},"modified":"2019-10-18T09:29:32","modified_gmt":"2019-10-18T07:29:32","slug":"presentation-2","status":"publish","type":"page","link":"http:\/\/www.lamhotte.fr\/ecole\/lecole-2\/presentation-2\/","title":{"rendered":"Pr\u00e9sentation"},"content":{"rendered":"<p>L\u2019Ecole de la Mhotte est l\u2019une des 1000 \u00e9coles Steiner-Waldorf \u00e0 travers le monde.<br \/>\nElle accueille des enfants de 3 ans et demi \u00e0 16 ans du Jardin d\u2019enfants \u00e0 la 10<sup>\u00e8me<\/sup> classe (3\u00e8me de coll\u00e8ge) ainsi que des adolescents \u00e9trangers pour des s\u00e9jours linguistiques.<\/p>\n<p>Le Jardin d\u2019Enfants est le domaine\u00a0des enfants \u00e2g\u00e9s\u00a0de 3\u00a0ans et demi \u00e0 6\u00a0ans et demi. Deux\u00a0jardini\u00e8res d\u2019enfants et deux assistantes-jardini\u00e8res les accompagnent ainsi que des intervenants, en eurythmie notamment.<\/p>\n<p>Les cycles primaires et secondaires, de la 1<sup>\u00e8re<\/sup> \u00e0 la 10<sup>\u00e8me<\/sup> classe (\u00e9quivalent du CP \u00e0 la 3<sup>\u00e8me<\/sup> de coll\u00e8ge) comptent environ soixante-dix enfants de 6 ans et demi \u00e0 16 ans.<\/p>\n<p>Des classes \u00e0 niveaux multiples permettent aux enfants de vivre des exp\u00e9riences sociales et d\u2019apprentissage enrichissantes.<\/p>\n<p>Quatre professeurs de classe assurent les enseignements principaux, ainsi que certains enseignements compl\u00e9mentaires (travaux manuels, musique, anglais, ateliers cr\u00e9atifs\u2026). Un volontaire service civique soutient le travail des professeurs.<\/p>\n<p>En 9\u00e8me et 10\u00e8me classe, des professeurs sp\u00e9cialistes interviennent dans la classe, men\u00e9e par deux tuteurs.<\/p>\n<p>Des intervenants ont en charge l\u2019enseignement de mati\u00e8res particuli\u00e8res comme l\u2019eurythmie (un art du mouvement) , l\u2019allemand, le jardinage&#8230;<\/p>\n<p>&nbsp;<\/p>\n","protected":false},"excerpt":{"rendered":"<p>L\u2019Ecole de la Mhotte est l\u2019une des 1000 \u00e9coles Steiner-Waldorf \u00e0 travers le monde. Elle accueille des enfants de 3 ans et demi \u00e0 16 ans du Jardin d\u2019enfants \u00e0 <a class=\"more-link\" href=\"http:\/\/www.lamhotte.fr\/ecole\/lecole-2\/presentation-2\/\">Continue Reading &rarr;<\/a><\/p>\n","protected":false},"author":1,"featured_media":0,"parent":22,"menu_order":0,"comment_status":"closed","ping_status":"closed","template":"","meta":{"footnotes":""},"class_list":["post-28","page","type-page","status-publish","hentry"],"_links":{"self":[{"href":"http:\/\/www.lamhotte.fr\/ecole\/wp-json\/wp\/v2\/pages\/28","targetHints":{"allow":["GET"]}}],"collection":[{"href":"http:\/\/www.lamhotte.fr\/ecole\/wp-json\/wp\/v2\/pages"}],"about":[{"href":"http:\/\/www.lamhotte.fr\/ecole\/wp-json\/wp\/v2\/types\/page"}],"author":[{"embeddable":true,"href":"http:\/\/www.lamhotte.fr\/ecole\/wp-json\/wp\/v2\/users\/1"}],"replies":[{"embeddable":true,"href":"http:\/\/www.lamhotte.fr\/ecole\/wp-json\/wp\/v2\/comments?post=28"}],"version-history":[{"count":12,"href":"http:\/\/www.lamhotte.fr\/ecole\/wp-json\/wp\/v2\/pages\/28\/revisions"}],"predecessor-version":[{"id":785,"href":"http:\/\/www.lamhotte.fr\/ecole\/wp-json\/wp\/v2\/pages\/28\/revisions\/785"}],"up":[{"embeddable":true,"href":"http:\/\/www.lamhotte.fr\/ecole\/wp-json\/wp\/v2\/pages\/22"}],"wp:attachment":[{"href":"http:\/\/www.lamhotte.fr\/ecole\/wp-json\/wp\/v2\/media?parent=28"}],"curies":[{"name":"wp","href":"https:\/\/api.w.org\/{rel}","templated":true}]}}