{"id":41,"date":"2014-04-26T23:11:25","date_gmt":"2014-04-26T21:11:25","guid":{"rendered":"http:\/\/www.lamhotte.fr\/ecole\/?page_id=41"},"modified":"2021-09-24T21:05:00","modified_gmt":"2021-09-24T19:05:00","slug":"environnement","status":"publish","type":"page","link":"http:\/\/www.lamhotte.fr\/ecole\/lecole-2\/environnement\/","title":{"rendered":"Environnement"},"content":{"rendered":"<p class=\"western\">L\u2019Ecole de la Mhotte est situ\u00e9e au c\u0153ur du bocage bourbonnais, en pleine campagne. Son environnement naturel est donc tr\u00e8s riche, tout comme son environnement culturel et associatif, proposant des activit\u00e9s autant \u00e0 destination des enfants que des parents!<\/p>\n<p>Fort de ses quarante ans d&rsquo;existence, de nombreuses initiatives se sont d\u00e9velopp\u00e9es autour de l&rsquo;\u00e9cole : agriculture biodynamique, projets d&rsquo;habitats group\u00e9s, lieux d&rsquo;accueil th\u00e9rapeutique, artisanat, cours et ateliers d&rsquo;art etc.<\/p>\n<p>Nous vous invitons aussi \u00e0 d\u00e9couvrir le site de nos voisins, le <a href=\"https:\/\/foyer-michael.com\">Foyer Micha\u00ebl<\/a>, centre de formation pour adultes.<\/p>\n","protected":false},"excerpt":{"rendered":"<p>L\u2019Ecole de la Mhotte est situ\u00e9e au c\u0153ur du bocage bourbonnais, en pleine campagne. Son environnement naturel est donc tr\u00e8s riche, tout comme son environnement culturel et associatif, proposant des <a class=\"more-link\" href=\"http:\/\/www.lamhotte.fr\/ecole\/lecole-2\/environnement\/\">Continue Reading &rarr;<\/a><\/p>\n","protected":false},"author":1,"featured_media":0,"parent":22,"menu_order":0,"comment_status":"closed","ping_status":"closed","template":"","meta":{"footnotes":""},"class_list":["post-41","page","type-page","status-publish","hentry"],"_links":{"self":[{"href":"http:\/\/www.lamhotte.fr\/ecole\/wp-json\/wp\/v2\/pages\/41","targetHints":{"allow":["GET"]}}],"collection":[{"href":"http:\/\/www.lamhotte.fr\/ecole\/wp-json\/wp\/v2\/pages"}],"about":[{"href":"http:\/\/www.lamhotte.fr\/ecole\/wp-json\/wp\/v2\/types\/page"}],"author":[{"embeddable":true,"href":"http:\/\/www.lamhotte.fr\/ecole\/wp-json\/wp\/v2\/users\/1"}],"replies":[{"embeddable":true,"href":"http:\/\/www.lamhotte.fr\/ecole\/wp-json\/wp\/v2\/comments?post=41"}],"version-history":[{"count":6,"href":"http:\/\/www.lamhotte.fr\/ecole\/wp-json\/wp\/v2\/pages\/41\/revisions"}],"predecessor-version":[{"id":1020,"href":"http:\/\/www.lamhotte.fr\/ecole\/wp-json\/wp\/v2\/pages\/41\/revisions\/1020"}],"up":[{"embeddable":true,"href":"http:\/\/www.lamhotte.fr\/ecole\/wp-json\/wp\/v2\/pages\/22"}],"wp:attachment":[{"href":"http:\/\/www.lamhotte.fr\/ecole\/wp-json\/wp\/v2\/media?parent=41"}],"curies":[{"name":"wp","href":"https:\/\/api.w.org\/{rel}","templated":true}]}}