{"id":75,"date":"2014-05-22T20:29:58","date_gmt":"2014-05-22T18:29:58","guid":{"rendered":"http:\/\/www.lamhotte.fr\/ecole\/?page_id=75"},"modified":"2025-06-13T11:24:48","modified_gmt":"2025-06-13T09:24:48","slug":"aspects-financiers","status":"publish","type":"page","link":"http:\/\/www.lamhotte.fr\/ecole\/lecole-2\/aspects-financiers\/","title":{"rendered":"Aspects financiers"},"content":{"rendered":"<p><strong>L\u2019\u00e9colage<\/strong><\/p>\n<p>L\u2019Ecole de La Mhotte est un \u00e9tablissement priv\u00e9 associatif, sans contrat d\u2019association avec l\u2019\u00e9tat, ce qui implique qu\u2019elle ne touche aucune subvention. Les dons et les recettes de diverses manifestations constituent une petite partie du budget, mais la source principale de notre fonctionnement demeure la participation financi\u00e8re des familles. L\u2019inscription d\u2019un ou plusieurs enfants dans notre Ecole implique le versement d\u2019un \u00ab \u00e9colage \u00bb, et la signature d\u2019un engagement annuel.<\/p>\n<p>Outre les frais de scolarit\u00e9, l&rsquo;\u00e9colage comprend l&rsquo;assurance scolaire et extra-scolaire, ainsi que l&rsquo;adh\u00e9sion \u00e0 la F\u00e9d\u00e9ration des \u00e9coles Steiner\/Waldorf en France. Celle-ci a\u00a0 pour but de d\u00e9velopper la p\u00e9dagogie Steiner-Waldorf, ainsi que d\u2019assurer sa d\u00e9marche de promotion nationale et ses relations internationales. Cette f\u00e9d\u00e9ration a aussi un regard sur la qualit\u00e9 de l\u2019enseignement dans les \u00e9coles Steiner-Waldorf et s\u2019occupe de la formation des professeurs.<\/p>\n<p><a href=\"http:\/\/www.lamhotte.fr\/ecole\/wp-content\/uploads\/2025\/06\/TARIFICATION-2025-2026-web.pdf\">TARIFICATION 2025-2026<\/a><\/p>\n<p>L\u2019aspect financier ne doit pas emp\u00eacher un enfant de b\u00e9n\u00e9ficier de la p\u00e9dagogie Steiner-Waldorf. Des am\u00e9nagements peuvent \u00eatre envisag\u00e9s. Ils sont \u00e0 d\u00e9terminer avec des membres du Conseil d&rsquo;Administration rencontr\u00e9s lors de la derni\u00e8re \u00e9tape de l\u2019inscription.<\/p>\n<p><strong>Les repas<\/strong><\/p>\n<p>Les tarifs de la cantine varient en fonction de l&rsquo;\u00e2ge, compter entre 3,25 et 3,75 euros par plat.<\/p>\n<p>Les enfants qui ne sont pas inscrits \u00e0 la cantine apportent un panier-repas. L&rsquo;inscription est facultative, sauf pour les enfants du Jardin d&rsquo;enfants.<\/p>\n","protected":false},"excerpt":{"rendered":"<p>L\u2019\u00e9colage L\u2019Ecole de La Mhotte est un \u00e9tablissement priv\u00e9 associatif, sans contrat d\u2019association avec l\u2019\u00e9tat, ce qui implique qu\u2019elle ne touche aucune subvention. Les dons et les recettes de diverses <a class=\"more-link\" href=\"http:\/\/www.lamhotte.fr\/ecole\/lecole-2\/aspects-financiers\/\">Continue Reading &rarr;<\/a><\/p>\n","protected":false},"author":1,"featured_media":0,"parent":22,"menu_order":0,"comment_status":"closed","ping_status":"closed","template":"","meta":{"footnotes":""},"class_list":["post-75","page","type-page","status-publish","hentry"],"_links":{"self":[{"href":"http:\/\/www.lamhotte.fr\/ecole\/wp-json\/wp\/v2\/pages\/75","targetHints":{"allow":["GET"]}}],"collection":[{"href":"http:\/\/www.lamhotte.fr\/ecole\/wp-json\/wp\/v2\/pages"}],"about":[{"href":"http:\/\/www.lamhotte.fr\/ecole\/wp-json\/wp\/v2\/types\/page"}],"author":[{"embeddable":true,"href":"http:\/\/www.lamhotte.fr\/ecole\/wp-json\/wp\/v2\/users\/1"}],"replies":[{"embeddable":true,"href":"http:\/\/www.lamhotte.fr\/ecole\/wp-json\/wp\/v2\/comments?post=75"}],"version-history":[{"count":29,"href":"http:\/\/www.lamhotte.fr\/ecole\/wp-json\/wp\/v2\/pages\/75\/revisions"}],"predecessor-version":[{"id":1305,"href":"http:\/\/www.lamhotte.fr\/ecole\/wp-json\/wp\/v2\/pages\/75\/revisions\/1305"}],"up":[{"embeddable":true,"href":"http:\/\/www.lamhotte.fr\/ecole\/wp-json\/wp\/v2\/pages\/22"}],"wp:attachment":[{"href":"http:\/\/www.lamhotte.fr\/ecole\/wp-json\/wp\/v2\/media?parent=75"}],"curies":[{"name":"wp","href":"https:\/\/api.w.org\/{rel}","templated":true}]}}