{"id":91,"date":"2014-05-22T21:24:46","date_gmt":"2014-05-22T19:24:46","guid":{"rendered":"http:\/\/www.lamhotte.fr\/ecole\/?page_id=91"},"modified":"2016-03-29T21:43:11","modified_gmt":"2016-03-29T19:43:11","slug":"au-jardin-denfants","status":"publish","type":"page","link":"http:\/\/www.lamhotte.fr\/ecole\/la-pedagogie\/au-jardin-denfants\/","title":{"rendered":"Au Jardin d\u2019Enfants"},"content":{"rendered":"<p>Dans un \u00e9quilibre entre le jeu libre et les activit\u00e9s dirig\u00e9es, la jardini\u00e8re engage les enfants dans la fabrication du pain, le dessin, l&rsquo;aquarelle, les promenades, le modelage, le travail manuel et l&rsquo;eurythmie (art du mouvement).<\/p>\n<p>Le jeu est le c\u0153ur du travail au jardin d&rsquo;enfants. Les enfants par leurs jeux d&rsquo;imagination d\u00e9veloppent leur pens\u00e9e cr\u00e9atrice, leur facult\u00e9 \u00e0 r\u00e9soudre des probl\u00e8mes et leur habilet\u00e9 sociale.<br \/>\nDes objets simples et naturels, morceaux de bois, coquillages, pierres, tissus, cire d&rsquo;abeille incitent les enfants \u00e0 cr\u00e9er leurs propres jeux et leurs histoires originales.<\/p>\n<p>Les promenades et les jeux ext\u00e9rieurs suivent le rythme des saisons. Chaque jour, la ronde rassemble les enfants pour dire, chanter et danser les saisons. Les chansons et les comptines \u00e9veillent en eux le sens du langage et de la musique. Le moment de l\u2019histoire cultive l&rsquo;imagination des enfants et renforce leur capacit\u00e9 \u00e0 \u00e9couter et \u00e0 se concentrer.<\/p>\n<p>En pr\u00e9parant les collations ensemble et en rangeant la pi\u00e8ce apr\u00e8s les jeux, on encourage la coop\u00e9ration et le sens des responsabilit\u00e9s.<\/p>\n<p>Toutes ces activit\u00e9s quotidiennes, ponctu\u00e9es par le rythme des f\u00eates saisonni\u00e8res, cr\u00e9ent chez les enfants des richesses en exp\u00e9riences de base. Les habilet\u00e9s sont ainsi fortifi\u00e9es en vue des apprentissages futurs comme le calcul et la lecture. L&rsquo;imitation des gestes pleins de sens de l&rsquo;adulte d\u00e9veloppe la confiance en soi.<\/p>\n<p>Le Jardin d\u2019Enfants est donc un lieu o\u00f9 les enfants peuvent grandir, se d\u00e9velopper et nourrir leur imagination tout en se sentant rassur\u00e9s et prot\u00e9g\u00e9s. La jardini\u00e8re tisse des liens privil\u00e9gi\u00e9s avec chaque enfant qu\u2019elle suit jusqu\u2019au passage en premi\u00e8re classe.<\/p>\n<p>Au cours de la derni\u00e8re ann\u00e9e au jardin d\u2019enfants, lorsque l\u2019enfant entre dans l\u2019ann\u00e9e civile de ses 6 ans, se d\u00e9cide son passage en 1\u00e8re classe, apr\u00e8s une visite m\u00e9dicale scolaire et des jeux propos\u00e9s \u00e0 l\u2019enfant et observ\u00e9s par la jardini\u00e8re d\u2019enfants et un ou deux professeurs de l\u2019Ecole. Une commission se r\u00e9unit alors pour \u00e9valuer la maturit\u00e9 de l\u2019enfant sur le plan physique, sur les plans psychologique et affectif et sur le plan de l\u2019\u00e9veil intellectuel.<\/p>\n","protected":false},"excerpt":{"rendered":"<p>Dans un \u00e9quilibre entre le jeu libre et les activit\u00e9s dirig\u00e9es, la jardini\u00e8re engage les enfants dans la fabrication du pain, le dessin, l&rsquo;aquarelle, les promenades, le modelage, le travail <a class=\"more-link\" href=\"http:\/\/www.lamhotte.fr\/ecole\/la-pedagogie\/au-jardin-denfants\/\">Continue Reading &rarr;<\/a><\/p>\n","protected":false},"author":1,"featured_media":0,"parent":93,"menu_order":0,"comment_status":"closed","ping_status":"closed","template":"","meta":{"footnotes":""},"class_list":["post-91","page","type-page","status-publish","hentry"],"_links":{"self":[{"href":"http:\/\/www.lamhotte.fr\/ecole\/wp-json\/wp\/v2\/pages\/91","targetHints":{"allow":["GET"]}}],"collection":[{"href":"http:\/\/www.lamhotte.fr\/ecole\/wp-json\/wp\/v2\/pages"}],"about":[{"href":"http:\/\/www.lamhotte.fr\/ecole\/wp-json\/wp\/v2\/types\/page"}],"author":[{"embeddable":true,"href":"http:\/\/www.lamhotte.fr\/ecole\/wp-json\/wp\/v2\/users\/1"}],"replies":[{"embeddable":true,"href":"http:\/\/www.lamhotte.fr\/ecole\/wp-json\/wp\/v2\/comments?post=91"}],"version-history":[{"count":2,"href":"http:\/\/www.lamhotte.fr\/ecole\/wp-json\/wp\/v2\/pages\/91\/revisions"}],"predecessor-version":[{"id":516,"href":"http:\/\/www.lamhotte.fr\/ecole\/wp-json\/wp\/v2\/pages\/91\/revisions\/516"}],"up":[{"embeddable":true,"href":"http:\/\/www.lamhotte.fr\/ecole\/wp-json\/wp\/v2\/pages\/93"}],"wp:attachment":[{"href":"http:\/\/www.lamhotte.fr\/ecole\/wp-json\/wp\/v2\/media?parent=91"}],"curies":[{"name":"wp","href":"https:\/\/api.w.org\/{rel}","templated":true}]}}