{"id":100,"date":"2014-05-22T22:19:43","date_gmt":"2014-05-22T20:19:43","guid":{"rendered":"http:\/\/www.lamhotte.fr\/ecole\/?page_id=100"},"modified":"2014-06-10T01:09:30","modified_gmt":"2014-06-09T23:09:30","slug":"i-enseignement-du-francais","status":"publish","type":"page","link":"https:\/\/www.lamhotte.fr\/ecole\/la-pedagogie\/les-enseignements-de-base\/i-enseignement-du-francais\/","title":{"rendered":"I &#8211; Enseignement du Fran\u00e7ais"},"content":{"rendered":"<p>I &#8211; Enseignement du Fran\u00e7ais<\/p>\n<p><strong>1) Jardin d\u2019enfants\u00a0(3 \u00e0 6 ans) :<\/strong><\/p>\n<p>Le langage soign\u00e9 du p\u00e9dagogue, les histoires entendues r\u00e9p\u00e9t\u00e9es, et m\u00e9moris\u00e9es, les \u00e9changes oraux entre enfants pour b\u00e2tir des projets, les chansons et les comptines, sont des contributions d\u00e9lib\u00e9r\u00e9es \u00e0 l\u2019\u00e9laboration de la ma\u00eetrise de la langue par l&rsquo;enfant. Les familles sont aussi invit\u00e9es \u00e0 soutenir activement cette phase en soignant la qualit\u00e9 de l&rsquo;expression orale et la rigueur logique des pens\u00e9es, afin de nourrir au mieux les forces d\u2019imitation qui pr\u00e9valent en l\u2019enfant de ces \u00e2ges.<\/p>\n<p><strong>Les trois premi\u00e8res classes (6 \u00e0 9 ans) :<\/strong><\/p>\n<p>Lecture et production d\u2019\u00e9crits\u00a0: Si l\u2019\u00e9criture manuscrite est par m\u00e9thode consid\u00e9r\u00e9e comme un exercice pr\u00e9alable \u00e0 l\u2019apprentissage de la lecture, on s&rsquo;efforce toutefois, au cours de ces trois ann\u00e9es, d&rsquo;amener les enfants \u00e0 pouvoir lire des textes \u00e9labor\u00e9s, un livre par exemple, et \u00e0 composer des rapports \u00e9crits de quelques phrases, amen\u00e9s \u00e0 une qualit\u00e9 satisfaisante par les corrections du professeur. Ces \u00e9crits concernent de pr\u00e9f\u00e9rence des situations v\u00e9cues (excursions, rencontres, etc. .).<\/p>\n<p>Qualit\u00e9 de l\u2019\u00e9criture\u00a0: Les enfants sont stimul\u00e9s \u00e0 former soigneusement leur \u00e9criture. On soutient ces efforts au moyen du \u00ab\u00a0dessin de formes\u00a0\u00bb, du dessin en couleurs, de la peinture, et d&rsquo;activit\u00e9s de mouvement telles que l\u2019eurythmie. La r\u00e9alisation de cahiers soign\u00e9s pour les diff\u00e9rentes mati\u00e8res \u00e9tudi\u00e9es t\u00e9moigne de la progression de l\u2019enfant dans ce domaine.<br \/>\nQualit\u00e9 de la langue orale\u00a0: La qualit\u00e9 de la langue orale est soutenue par la r\u00e9citation individuelle et collective, par le montage de petites pi\u00e8ces de th\u00e9\u00e2tre, par la composition de comptines et po\u00e9sies ainsi que par des jeux rythmiques.<\/p>\n<p>Structure de la langue\u00a0: Les \u00e9l\u00e9ments fondamentaux de la grammaire (noms, verbes, adjectifs) sont abord\u00e9s \u00e0 travers\u00a0:<br \/>\n&#8211; l\u2019\u00e9tude des m\u00e9tiers<br \/>\n&#8211; les r\u00e9cits et l\u00e9gendes mythologiques<br \/>\n&#8211; le d\u00e9but de l&rsquo;apprentissage de deux langues \u00e9trang\u00e8res.<\/p>\n<p>Il est ainsi attendu qu\u2019\u00e0 la fin de cette deuxi\u00e8me phase, les enfants aient atteint un premier niveau de ma\u00eetrise de la langue fran\u00e7aise dans les trois types d&rsquo;activit\u00e9s que sont\u00a0:<br \/>\n&#8211; l\u2019expression orale<br \/>\n&#8211; la production d&rsquo;\u00e9crits<br \/>\n&#8211; la lecture.<\/p>\n<p><strong>Les classes 4 \u00e0 8 (9 \u00e0 14 ans) :<\/strong><\/p>\n<p>Au long de ces cinq ann\u00e9es, l\u2019essentiel de la grammaire et des r\u00e8gles de l&rsquo;orthographe est approfondi.<br \/>\nDes rapports \u00e9crits et des r\u00e9sum\u00e9s sont produits d\u00e8s la quatri\u00e8me classe, et l&rsquo;exp\u00e9rience nuanc\u00e9e de v\u00e9cus int\u00e9rieurs est sollicit\u00e9e \u00e0 partir de la 7\u00e8me classe.<\/p>\n<p>&#8211; L&rsquo;oral continue \u00e0 \u00eatre valoris\u00e9 en particulier par la r\u00e9citation et la pratique r\u00e9guli\u00e8re du th\u00e9\u00e2tre. A partir de la 6\u00e8me classe (11-12 ans), l&rsquo;\u00e9tude des rapports de cause \u00e0 effet contribue \u00e0 \u00e9veiller l&rsquo;enfant \u00e0 une compr\u00e9hension critique des sujets abord\u00e9s. L&rsquo;\u00e9change oral en classe, tr\u00e8s pr\u00e9sent \u00e0 partir de cet \u00e2ge, prend ainsi une qualit\u00e9 nouvelle.<\/p>\n<p>&#8211; La lecture est syst\u00e9matis\u00e9e par l&rsquo;\u00e9tude de livres de r\u00e9cits et par la mise en place de biblioth\u00e8ques de classe.<\/p>\n<p>&#8211; L&rsquo;\u00e9criture se cultive par la poursuite du travail en grammaire et en orthographe. Chaque mati\u00e8re enseign\u00e9e contribue \u00e0 la mise en \u0153uvre de ces acquis gr\u00e2ce \u00e0 la confection par l\u2019enfant d&rsquo;un cahier individuel comportant\u00a0:<br \/>\n&#8211; des textes copi\u00e9s du tableau<br \/>\n&#8211; des rapports et des r\u00e9sum\u00e9s qu\u2019il a r\u00e9dig\u00e9s<br \/>\n&#8211; des textes dict\u00e9s (\u00e0 partir de la 7\u00e8me classe).<\/p>\n<p>On insiste particuli\u00e8rement sur le soin apport\u00e9 \u00e0 la pr\u00e9sentation et \u00e0 la lisibilit\u00e9 de l&rsquo;\u00e9criture. Toute cette progression re\u00e7oit un important soutien par la poursuite de l&rsquo;apprentissage des langues \u00e9trang\u00e8res, par les disciplines corporelles et arts du mouvement (eurythmie), par le dessin de formes, le dessin, la peinture, et par les travaux manuels qui cultivent m\u00e9thodiquement la motricit\u00e9 fine.<\/p>\n<p><a title=\"II \u2013 Les math\u00e9matiques\" href=\"http:\/\/www.lamhotte.fr\/ecole\/la-pedagogie\/les-enseignements-de-base\/ii-les-mathematiques\/\">Aller \u00e0 II &#8211; Les Math\u00e9matiques<\/a><\/p>\n","protected":false},"excerpt":{"rendered":"<p>I &#8211; Enseignement du Fran\u00e7ais 1) Jardin d\u2019enfants\u00a0(3 \u00e0 6 ans) : Le langage soign\u00e9 du p\u00e9dagogue, les histoires entendues r\u00e9p\u00e9t\u00e9es, et m\u00e9moris\u00e9es, les \u00e9changes oraux entre enfants pour b\u00e2tir <a class=\"more-link\" href=\"https:\/\/www.lamhotte.fr\/ecole\/la-pedagogie\/les-enseignements-de-base\/i-enseignement-du-francais\/\">Continue Reading &rarr;<\/a><\/p>\n","protected":false},"author":1,"featured_media":0,"parent":98,"menu_order":0,"comment_status":"closed","ping_status":"closed","template":"","meta":{"footnotes":""},"class_list":["post-100","page","type-page","status-publish","hentry"],"_links":{"self":[{"href":"https:\/\/www.lamhotte.fr\/ecole\/wp-json\/wp\/v2\/pages\/100","targetHints":{"allow":["GET"]}}],"collection":[{"href":"https:\/\/www.lamhotte.fr\/ecole\/wp-json\/wp\/v2\/pages"}],"about":[{"href":"https:\/\/www.lamhotte.fr\/ecole\/wp-json\/wp\/v2\/types\/page"}],"author":[{"embeddable":true,"href":"https:\/\/www.lamhotte.fr\/ecole\/wp-json\/wp\/v2\/users\/1"}],"replies":[{"embeddable":true,"href":"https:\/\/www.lamhotte.fr\/ecole\/wp-json\/wp\/v2\/comments?post=100"}],"version-history":[{"count":5,"href":"https:\/\/www.lamhotte.fr\/ecole\/wp-json\/wp\/v2\/pages\/100\/revisions"}],"predecessor-version":[{"id":185,"href":"https:\/\/www.lamhotte.fr\/ecole\/wp-json\/wp\/v2\/pages\/100\/revisions\/185"}],"up":[{"embeddable":true,"href":"https:\/\/www.lamhotte.fr\/ecole\/wp-json\/wp\/v2\/pages\/98"}],"wp:attachment":[{"href":"https:\/\/www.lamhotte.fr\/ecole\/wp-json\/wp\/v2\/media?parent=100"}],"curies":[{"name":"wp","href":"https:\/\/api.w.org\/{rel}","templated":true}]}}