{"id":39,"date":"2014-04-26T22:56:29","date_gmt":"2014-04-26T20:56:29","guid":{"rendered":"http:\/\/www.lamhotte.fr\/ecole\/?page_id=39"},"modified":"2024-07-25T19:37:21","modified_gmt":"2024-07-25T17:37:21","slug":"horaires-et-restauration","status":"publish","type":"page","link":"https:\/\/www.lamhotte.fr\/ecole\/lecole-2\/horaires-et-restauration\/","title":{"rendered":"Horaires et Repas"},"content":{"rendered":"<p><strong>Horaires<\/strong><\/p>\n<p><span style=\"text-decoration: underline;\">Pour le Jardin d\u2019Enfants<\/span> :<br \/>\nle lundi, mardi, jeudi et vendredi de 8h30 \u00e0 16h (apr\u00e8s-midi facultatives, en accord avec la jardini\u00e8re) et le mercredi de 8h30 \u00e0 12h30.<\/p>\n<p><span style=\"text-decoration: underline;\">Pour les classes de 1 \u00e0 10<\/span> :<br \/>\nle lundi, mardi, jeudi et vendredi de 8h30 \u00e0 16h00 et le mercredi de 8h30 \u00e0 12h30.<\/p>\n<p>Nous ne proposons pas de garderie.<\/p>\n<table>\n<tbody>\n<tr>\n<td>R\u00e9cr\u00e9ation\u00a0: de 10h30 \u00e0 11h00.<\/td>\n<\/tr>\n<tr>\n<td>Pause du midi : de 12h30 \u00e0 14h30.<\/td>\n<\/tr>\n<\/tbody>\n<\/table>\n<p><strong>Repas\u00a0<\/strong><\/p>\n<p>Un plat chaud v\u00e9g\u00e9tarien est propos\u00e9 par la cantine tous les midis pour les enfants inscrits. Cette inscription est facultative, sauf pour les enfants du Jardin d&rsquo;enfants.<\/p>\n<p>Les tarifs varient en fonction de l&rsquo;\u00e2ge, compter entre 3,25 et 3,75 euros par plat.<\/p>\n<p>Les enfants qui ne sont pas inscrits \u00e0 la cantine apportent un panier-repas.<\/p>\n","protected":false},"excerpt":{"rendered":"<p>Horaires Pour le Jardin d\u2019Enfants : le lundi, mardi, jeudi et vendredi de 8h30 \u00e0 16h (apr\u00e8s-midi facultatives, en accord avec la jardini\u00e8re) et le mercredi de 8h30 \u00e0 12h30. <a class=\"more-link\" href=\"https:\/\/www.lamhotte.fr\/ecole\/lecole-2\/horaires-et-restauration\/\">Continue Reading &rarr;<\/a><\/p>\n","protected":false},"author":1,"featured_media":0,"parent":22,"menu_order":0,"comment_status":"closed","ping_status":"closed","template":"","meta":{"footnotes":""},"class_list":["post-39","page","type-page","status-publish","hentry"],"_links":{"self":[{"href":"https:\/\/www.lamhotte.fr\/ecole\/wp-json\/wp\/v2\/pages\/39","targetHints":{"allow":["GET"]}}],"collection":[{"href":"https:\/\/www.lamhotte.fr\/ecole\/wp-json\/wp\/v2\/pages"}],"about":[{"href":"https:\/\/www.lamhotte.fr\/ecole\/wp-json\/wp\/v2\/types\/page"}],"author":[{"embeddable":true,"href":"https:\/\/www.lamhotte.fr\/ecole\/wp-json\/wp\/v2\/users\/1"}],"replies":[{"embeddable":true,"href":"https:\/\/www.lamhotte.fr\/ecole\/wp-json\/wp\/v2\/comments?post=39"}],"version-history":[{"count":12,"href":"https:\/\/www.lamhotte.fr\/ecole\/wp-json\/wp\/v2\/pages\/39\/revisions"}],"predecessor-version":[{"id":1221,"href":"https:\/\/www.lamhotte.fr\/ecole\/wp-json\/wp\/v2\/pages\/39\/revisions\/1221"}],"up":[{"embeddable":true,"href":"https:\/\/www.lamhotte.fr\/ecole\/wp-json\/wp\/v2\/pages\/22"}],"wp:attachment":[{"href":"https:\/\/www.lamhotte.fr\/ecole\/wp-json\/wp\/v2\/media?parent=39"}],"curies":[{"name":"wp","href":"https:\/\/api.w.org\/{rel}","templated":true}]}}